{"id":235702,"date":"2026-03-20T17:26:06","date_gmt":"2026-03-20T16:26:06","guid":{"rendered":"https:\/\/www.peter-paradeiser.at\/?post_type=product&#038;p=235702"},"modified":"2026-03-26T15:40:33","modified_gmt":"2026-03-26T14:40:33","slug":"donauveltliner","status":"publish","type":"product","link":"https:\/\/www.peter-paradeiser.at\/en\/produkt\/donauveltliner\/","title":{"rendered":"Donauveltliner"},"content":{"rendered":"<p>[et_pb_section fb_built=&#8221;1&#8243; _builder_version=&#8221;4.16&#8243; custom_padding=&#8221;0px||||false|false&#8221; global_colors_info=&#8221;{}&#8221;][et_pb_row _builder_version=&#8221;4.16&#8243; background_size=&#8221;initial&#8221; background_position=&#8221;top_left&#8221; background_repeat=&#8221;repeat&#8221; width=&#8221;100%&#8221; custom_padding=&#8221;0px||0px||false|false&#8221; global_colors_info=&#8221;{}&#8221;][et_pb_column type=&#8221;4_4&#8243; _builder_version=&#8221;4.16&#8243; custom_padding=&#8221;|||&#8221; global_colors_info=&#8221;{}&#8221; custom_padding__hover=&#8221;|||&#8221;][et_pb_wc_breadcrumb product=&#8221;235702&#8243; _builder_version=&#8221;4.27.6&#8243; global_colors_info=&#8221;{}&#8221;][\/et_pb_wc_breadcrumb][et_pb_wc_cart_notice _builder_version=&#8221;4.16&#8243; custom_button=&#8221;on&#8221; button_text_color=&#8221;#ffffff&#8221; global_colors_info=&#8221;{}&#8221;][\/et_pb_wc_cart_notice][et_pb_text _builder_version=&#8221;4.27.6&#8243; _module_preset=&#8221;default&#8221; global_colors_info=&#8221;{}&#8221;]<\/p>\n<p>&gt; <a href=\"https:\/\/www.peter-paradeiser.at\/shop\">Weiter einkaufen<\/a><\/p>\n<p>[\/et_pb_text][et_pb_divider _builder_version=&#8221;4.27.6&#8243; _module_preset=&#8221;default&#8221; global_colors_info=&#8221;{}&#8221;][\/et_pb_divider][\/et_pb_column][\/et_pb_row][et_pb_row column_structure=&#8221;1_2,1_2&#8243; _builder_version=&#8221;4.16&#8243; background_size=&#8221;initial&#8221; background_position=&#8221;top_left&#8221; background_repeat=&#8221;repeat&#8221; width=&#8221;100%&#8221; custom_padding=&#8221;0px||||false|false&#8221; global_colors_info=&#8221;{}&#8221;][et_pb_column type=&#8221;1_2&#8243; _builder_version=&#8221;4.16&#8243; custom_padding=&#8221;|||&#8221; global_colors_info=&#8221;{}&#8221; custom_padding__hover=&#8221;|||&#8221;][et_pb_image alt=&#8221;Donauveltliner&#8221; title_text=&#8221;Donauveltliner&#8221; align=&#8221;center&#8221; src_tablet=&#8221;&#8221; src_phone=&#8221;&#8221; src_last_edited=&#8221;on|phone&#8221; _builder_version=&#8221;4.27.6&#8243; _module_preset=&#8221;default&#8221; hover_enabled=&#8221;0&#8243; global_colors_info=&#8221;{}&#8221; src=&#8221;https:\/\/www.peter-paradeiser.at\/wp-content\/uploads\/2026\/03\/Donauveltliner.png&#8221; sticky_enabled=&#8221;0&#8243;][\/et_pb_image][\/et_pb_column][et_pb_column type=&#8221;1_2&#8243; _builder_version=&#8221;4.16&#8243; custom_padding=&#8221;|||&#8221; global_colors_info=&#8221;{}&#8221; custom_padding__hover=&#8221;|||&#8221;][et_pb_wc_title _builder_version=&#8221;4.27.6&#8243; global_colors_info=&#8221;{}&#8221;][\/et_pb_wc_title][et_pb_wc_rating _builder_version=&#8221;4.16&#8243; global_colors_info=&#8221;{}&#8221;][\/et_pb_wc_rating][et_pb_wc_price _builder_version=&#8221;4.16&#8243; global_colors_info=&#8221;{}&#8221;][\/et_pb_wc_price][et_pb_wc_description _builder_version=&#8221;4.27.6&#8243; global_colors_info=&#8221;{}&#8221;][\/et_pb_wc_description][et_pb_wc_add_to_cart _builder_version=&#8221;4.16&#8243; custom_button=&#8221;on&#8221; button_text_color=&#8221;#ffffff&#8221; global_colors_info=&#8221;{}&#8221;][\/et_pb_wc_add_to_cart][\/et_pb_column][\/et_pb_row][et_pb_row _builder_version=&#8221;4.16&#8243; background_size=&#8221;initial&#8221; background_position=&#8221;top_left&#8221; background_repeat=&#8221;repeat&#8221; width=&#8221;100%&#8221; global_colors_info=&#8221;{}&#8221;][et_pb_column type=&#8221;4_4&#8243; _builder_version=&#8221;4.16&#8243; custom_padding=&#8221;|||&#8221; global_colors_info=&#8221;{}&#8221; custom_padding__hover=&#8221;|||&#8221;][et_pb_wc_tabs _builder_version=&#8221;4.16&#8243; global_colors_info=&#8221;{}&#8221;] [\/et_pb_wc_tabs][\/et_pb_column][\/et_pb_row][\/et_pb_section]<\/p>\n","protected":false},"excerpt":{"rendered":"<p>DONAUVELTLINER<\/p>\n<p><strong>Alkoholgehalt<br \/>\n<\/strong>12,5 %<\/p>\n<p><strong>Geschmacksrichtung<br \/>\n<\/strong>Trocken<\/p>\n<p><strong>Inhalt<br \/>\n<\/strong>0,75 Liter<\/p>\n<p><strong>Jahrgang<br \/>\n<\/strong>2025<\/p>\n<p><strong>Qualit\u00e4tsstufe<br \/>\n<\/strong>PIWI \/ Zukunftswein (2025) \/ Rebsortenwein<\/p>\n<p><strong>Rests\u00fc\u00dfe g\/l<br \/>\n<\/strong>1,7<\/p>\n<p><strong>S\u00e4uregehalt g\/l<br \/>\n<\/strong>6,4<\/p>\n<p><a href=\"https:\/\/elabel.wdx.wine\/YilOWDsAJUkJ\" target=\"_blank\" rel=\"noopener\"><strong>Lebensmittelkennzeichnung<\/strong><\/a><\/p>\n<p><strong>Preis (0,75l Flasche)<br \/>\n<\/strong>\u20ac 9,50 inkl. 13 % Umsatzsteuer<br \/>\n<a href=\"https:\/\/www.peter-paradeiser.at\/versand__lieferung\/\">zzgl. Versandkosten<\/a><\/p>\n","protected":false},"featured_media":235734,"comment_status":"closed","ping_status":"closed","template":"","meta":{"_et_pb_use_builder":"on","_et_pb_old_content":"PIWI-Sorte aus Klosterneuburg, erste Lese im Betrieb und mit gro\u00dfem Potenzial. In der Nase Stachelbeere und pr\u00e4gnantes Pfefferl. Am Gaumen fruchtbetont mit Kaiserbirne, alten Apfelsorten und gr\u00fcner Stachelbeere, dazu mineralische Ankl\u00e4nge, die die Herkunft unterstreichen. Dicht, saftig und mit kr\u00e4ftigem Biss sowie fruchtigem Ausklang.\r\n\r\n&nbsp;","_et_gb_content_width":""},"product_brand":[],"product_cat":[48],"product_tag":[],"class_list":{"0":"post-235702","1":"product","2":"type-product","3":"status-publish","4":"has-post-thumbnail","6":"product_cat-bio-weine","8":"first","9":"instock","10":"taxable","11":"shipping-taxable","12":"purchasable","13":"product-type-simple"},"_links":{"self":[{"href":"https:\/\/www.peter-paradeiser.at\/en\/wp-json\/wp\/v2\/product\/235702","targetHints":{"allow":["GET"]}}],"collection":[{"href":"https:\/\/www.peter-paradeiser.at\/en\/wp-json\/wp\/v2\/product"}],"about":[{"href":"https:\/\/www.peter-paradeiser.at\/en\/wp-json\/wp\/v2\/types\/product"}],"replies":[{"embeddable":true,"href":"https:\/\/www.peter-paradeiser.at\/en\/wp-json\/wp\/v2\/comments?post=235702"}],"wp:featuredmedia":[{"embeddable":true,"href":"https:\/\/www.peter-paradeiser.at\/en\/wp-json\/wp\/v2\/media\/235734"}],"wp:attachment":[{"href":"https:\/\/www.peter-paradeiser.at\/en\/wp-json\/wp\/v2\/media?parent=235702"}],"wp:term":[{"taxonomy":"product_brand","embeddable":true,"href":"https:\/\/www.peter-paradeiser.at\/en\/wp-json\/wp\/v2\/product_brand?post=235702"},{"taxonomy":"product_cat","embeddable":true,"href":"https:\/\/www.peter-paradeiser.at\/en\/wp-json\/wp\/v2\/product_cat?post=235702"},{"taxonomy":"product_tag","embeddable":true,"href":"https:\/\/www.peter-paradeiser.at\/en\/wp-json\/wp\/v2\/product_tag?post=235702"}],"curies":[{"name":"wp","href":"https:\/\/api.w.org\/{rel}","templated":true}]}}