{"id":229190,"date":"2021-02-01T23:46:24","date_gmt":"2021-02-01T22:46:24","guid":{"rendered":"https:\/\/peter-paradeiser.at\/?post_type=product&#038;p=229190"},"modified":"2025-12-08T21:09:45","modified_gmt":"2025-12-08T20:09:45","slug":"cabernet-cortis-5","status":"publish","type":"product","link":"https:\/\/www.peter-paradeiser.at\/en\/produkt\/cabernet-cortis-5\/","title":{"rendered":"CABERNET CORTIS &#8211; DER NEUNTE"},"content":{"rendered":"<p>[et_pb_section fb_built=&#8221;1&#8243; _builder_version=&#8221;4.16&#8243; custom_padding=&#8221;0px||||false|false&#8221; global_colors_info=&#8221;{}&#8221;][et_pb_row _builder_version=&#8221;4.16&#8243; background_size=&#8221;initial&#8221; background_position=&#8221;top_left&#8221; background_repeat=&#8221;repeat&#8221; width=&#8221;100%&#8221; custom_padding=&#8221;0px||0px||false|false&#8221; global_colors_info=&#8221;{}&#8221;][et_pb_column type=&#8221;4_4&#8243; _builder_version=&#8221;4.16&#8243; custom_padding=&#8221;|||&#8221; global_colors_info=&#8221;{}&#8221; custom_padding__hover=&#8221;|||&#8221;][et_pb_wc_cart_notice _builder_version=&#8221;4.16&#8243; custom_button=&#8221;on&#8221; button_text_color=&#8221;#ffffff&#8221; global_colors_info=&#8221;{}&#8221;][\/et_pb_wc_cart_notice][et_pb_text _builder_version=&#8221;4.16&#8243; _module_preset=&#8221;default&#8221; global_colors_info=&#8221;{}&#8221;]&gt; <a href=\"https:\/\/www.peter-paradeiser.at\/shop\">Weiter einkaufen<\/a><br \/>\n[\/et_pb_text][et_pb_divider _builder_version=&#8221;4.16&#8243; _module_preset=&#8221;default&#8221; global_colors_info=&#8221;{}&#8221;][\/et_pb_divider][\/et_pb_column][\/et_pb_row][et_pb_row column_structure=&#8221;1_2,1_2&#8243; _builder_version=&#8221;4.16&#8243; background_size=&#8221;initial&#8221; background_position=&#8221;top_left&#8221; background_repeat=&#8221;repeat&#8221; width=&#8221;100%&#8221; custom_padding=&#8221;0px||||false|false&#8221; global_colors_info=&#8221;{}&#8221;][et_pb_column type=&#8221;1_2&#8243; _builder_version=&#8221;4.16&#8243; custom_padding=&#8221;|||&#8221; global_colors_info=&#8221;{}&#8221; custom_padding__hover=&#8221;|||&#8221;][et_pb_image src=&#8221;https:\/\/www.peter-paradeiser.at\/wp-content\/uploads\/2023\/11\/cortis-der-siebte-2022-kl-webseite.png&#8221; alt=&#8221;Cortis &#8211; der siebte&#8221; title_text=&#8221;cortis-der-siebte-2022-kl-webseite&#8221; align=&#8221;center&#8221; src_tablet=&#8221;https:\/\/www.peter-paradeiser.at\/wp-content\/uploads\/2023\/11\/cortis-der-siebte-2022-kl-webseite.png&#8221; src_phone=&#8221;https:\/\/www.peter-paradeiser.at\/wp-content\/uploads\/2023\/11\/cortis-der-siebte-2022-kl-webseite.png&#8221; src_last_edited=&#8221;on|phone&#8221; _builder_version=&#8221;4.23.1&#8243; _module_preset=&#8221;default&#8221; global_colors_info=&#8221;{}&#8221;][\/et_pb_image][\/et_pb_column][et_pb_column type=&#8221;1_2&#8243; _builder_version=&#8221;4.16&#8243; custom_padding=&#8221;|||&#8221; global_colors_info=&#8221;{}&#8221; custom_padding__hover=&#8221;|||&#8221;][et_pb_wc_title _builder_version=&#8221;4.16&#8243; global_colors_info=&#8221;{}&#8221;][\/et_pb_wc_title][et_pb_wc_rating _builder_version=&#8221;4.16&#8243; global_colors_info=&#8221;{}&#8221;][\/et_pb_wc_rating][et_pb_wc_price _builder_version=&#8221;4.16&#8243; global_colors_info=&#8221;{}&#8221;][\/et_pb_wc_price][et_pb_wc_description _builder_version=&#8221;4.16&#8243; global_colors_info=&#8221;{}&#8221;][\/et_pb_wc_description][et_pb_wc_add_to_cart _builder_version=&#8221;4.16&#8243; custom_button=&#8221;on&#8221; button_text_color=&#8221;#ffffff&#8221; global_colors_info=&#8221;{}&#8221;][\/et_pb_wc_add_to_cart][\/et_pb_column][\/et_pb_row][et_pb_row _builder_version=&#8221;4.16&#8243; background_size=&#8221;initial&#8221; background_position=&#8221;top_left&#8221; background_repeat=&#8221;repeat&#8221; width=&#8221;100%&#8221; global_colors_info=&#8221;{}&#8221;][et_pb_column type=&#8221;4_4&#8243; _builder_version=&#8221;4.16&#8243; custom_padding=&#8221;|||&#8221; global_colors_info=&#8221;{}&#8221; custom_padding__hover=&#8221;|||&#8221;][et_pb_wc_tabs _builder_version=&#8221;4.16&#8243; _module_preset=&#8221;default&#8221; global_colors_info=&#8221;{}&#8221;][\/et_pb_wc_tabs][\/et_pb_column][\/et_pb_row][\/et_pb_section]<\/p>\n","protected":false},"excerpt":{"rendered":"<p><strong>Alkoholgehalt<br \/>\n<\/strong>13 %<\/p>\n<p><strong>Geschmacksrichtung<br \/>\n<\/strong>Trocken<\/p>\n<p><strong>Inhalt<br \/>\n<\/strong>0,75 Liter<\/p>\n<p><strong>Jahrgang<br \/>\n<\/strong>2024<\/p>\n<p><strong>Qualit\u00e4tsstufe<br \/>\n<\/strong>PIWI \/ Zukunftswein<\/p>\n<p><strong>Rests\u00fc\u00dfe g\/l<br \/>\n<\/strong>2<\/p>\n<p><strong>S\u00e4uregehalt g\/l<br \/>\n<\/strong>4,5<\/p>\n","protected":false},"featured_media":235455,"comment_status":"open","ping_status":"closed","template":"","meta":{"_et_pb_use_builder":"on","_et_pb_old_content":"Intensive Aromen von schwarzen Fr\u00fcchten wie Cassis, Brombeere und \u00fcberreifer Holunderbeere. Am Gaumen w\u00fcrzig-pfeffrige Ankl\u00e4nge mit feinen Paprikanoten, die an Cabernet Sauvignon erinnern. Sehr fruchtbetont, harmonisch vom dezenten Toasting unterlegt, druckvoll und sehr ausgereift. Vollmundig mit langem, nachhaltigem Finale.\r\n\r\n&nbsp;\r\n\r\n&nbsp;","_et_gb_content_width":""},"product_brand":[],"product_cat":[48],"product_tag":[],"class_list":{"0":"post-229190","1":"product","2":"type-product","3":"status-publish","4":"has-post-thumbnail","6":"product_cat-bio-weine","8":"first","9":"instock","10":"taxable","11":"shipping-taxable","12":"purchasable","13":"product-type-simple"},"_links":{"self":[{"href":"https:\/\/www.peter-paradeiser.at\/en\/wp-json\/wp\/v2\/product\/229190","targetHints":{"allow":["GET"]}}],"collection":[{"href":"https:\/\/www.peter-paradeiser.at\/en\/wp-json\/wp\/v2\/product"}],"about":[{"href":"https:\/\/www.peter-paradeiser.at\/en\/wp-json\/wp\/v2\/types\/product"}],"replies":[{"embeddable":true,"href":"https:\/\/www.peter-paradeiser.at\/en\/wp-json\/wp\/v2\/comments?post=229190"}],"wp:featuredmedia":[{"embeddable":true,"href":"https:\/\/www.peter-paradeiser.at\/en\/wp-json\/wp\/v2\/media\/235455"}],"wp:attachment":[{"href":"https:\/\/www.peter-paradeiser.at\/en\/wp-json\/wp\/v2\/media?parent=229190"}],"wp:term":[{"taxonomy":"product_brand","embeddable":true,"href":"https:\/\/www.peter-paradeiser.at\/en\/wp-json\/wp\/v2\/product_brand?post=229190"},{"taxonomy":"product_cat","embeddable":true,"href":"https:\/\/www.peter-paradeiser.at\/en\/wp-json\/wp\/v2\/product_cat?post=229190"},{"taxonomy":"product_tag","embeddable":true,"href":"https:\/\/www.peter-paradeiser.at\/en\/wp-json\/wp\/v2\/product_tag?post=229190"}],"curies":[{"name":"wp","href":"https:\/\/api.w.org\/{rel}","templated":true}]}}